{"id":37,"date":"2026-04-01T15:58:22","date_gmt":"2026-04-01T15:58:22","guid":{"rendered":"https:\/\/backupcomputacion.com.ar\/?page_id=37"},"modified":"2026-04-01T16:00:15","modified_gmt":"2026-04-01T16:00:15","slug":"37-2","status":"publish","type":"page","link":"https:\/\/backupcomputacion.com.ar\/index.php\/37-2\/","title":{"rendered":"Presentaci\u00f3n"},"content":{"rendered":"\n<figure class=\"wp-block-image size-full\"><img loading=\"lazy\" decoding=\"async\" width=\"525\" height=\"698\" src=\"https:\/\/backupcomputacion.com.ar\/wp-content\/uploads\/2026\/04\/BACKUPCOMPUTACION-PRESENTACION.jpg\" alt=\"\" class=\"wp-image-39\" srcset=\"https:\/\/backupcomputacion.com.ar\/wp-content\/uploads\/2026\/04\/BACKUPCOMPUTACION-PRESENTACION.jpg 525w, https:\/\/backupcomputacion.com.ar\/wp-content\/uploads\/2026\/04\/BACKUPCOMPUTACION-PRESENTACION-226x300.jpg 226w\" sizes=\"auto, (max-width: 525px) 100vw, 525px\" \/><\/figure>\n","protected":false},"excerpt":{"rendered":"","protected":false},"author":1,"featured_media":0,"parent":0,"menu_order":0,"comment_status":"closed","ping_status":"closed","template":"","meta":{"footnotes":""},"class_list":["post-37","page","type-page","status-publish","hentry"],"blocksy_meta":[],"yoast_head":"<!-- This site is optimized with the Yoast SEO plugin v27.3 - https:\/\/yoast.com\/product\/yoast-seo-wordpress\/ -->\n<title>Presentaci\u00f3n - BACKUP COMPUTACI\u00d3N VENTA Y REPARACI\u00d3N<\/title>\n<meta name=\"robots\" content=\"index, follow, max-snippet:-1, max-image-preview:large, max-video-preview:-1\" \/>\n<link rel=\"canonical\" href=\"https:\/\/backupcomputacion.com.ar\/index.php\/37-2\/\" \/>\n<meta property=\"og:locale\" content=\"es_ES\" \/>\n<meta property=\"og:type\" content=\"article\" \/>\n<meta property=\"og:title\" content=\"Presentaci\u00f3n - BACKUP COMPUTACI\u00d3N VENTA Y REPARACI\u00d3N\" \/>\n<meta property=\"og:url\" content=\"https:\/\/backupcomputacion.com.ar\/index.php\/37-2\/\" \/>\n<meta property=\"og:site_name\" content=\"BACKUP COMPUTACI\u00d3N VENTA Y REPARACI\u00d3N\" \/>\n<meta property=\"article:modified_time\" content=\"2026-04-01T16:00:15+00:00\" \/>\n<meta property=\"og:image\" content=\"https:\/\/backupcomputacion.com.ar\/wp-content\/uploads\/2026\/04\/BACKUPCOMPUTACION-PRESENTACION.jpg\" \/>\n\t<meta property=\"og:image:width\" content=\"525\" \/>\n\t<meta property=\"og:image:height\" content=\"698\" \/>\n\t<meta property=\"og:image:type\" content=\"image\/jpeg\" \/>\n<meta name=\"twitter:card\" content=\"summary_large_image\" \/>\n<meta name=\"twitter:label1\" content=\"Tiempo de lectura\" \/>\n\t<meta name=\"twitter:data1\" content=\"1 minuto\" \/>\n<script type=\"application\/ld+json\" class=\"yoast-schema-graph\">{\"@context\":\"https:\\\/\\\/schema.org\",\"@graph\":[{\"@type\":\"WebPage\",\"@id\":\"https:\\\/\\\/backupcomputacion.com.ar\\\/index.php\\\/37-2\\\/\",\"url\":\"https:\\\/\\\/backupcomputacion.com.ar\\\/index.php\\\/37-2\\\/\",\"name\":\"Presentaci\u00f3n - BACKUP COMPUTACI\u00d3N VENTA Y REPARACI\u00d3N\",\"isPartOf\":{\"@id\":\"https:\\\/\\\/backupcomputacion.com.ar\\\/#website\"},\"primaryImageOfPage\":{\"@id\":\"https:\\\/\\\/backupcomputacion.com.ar\\\/index.php\\\/37-2\\\/#primaryimage\"},\"image\":{\"@id\":\"https:\\\/\\\/backupcomputacion.com.ar\\\/index.php\\\/37-2\\\/#primaryimage\"},\"thumbnailUrl\":\"https:\\\/\\\/backupcomputacion.com.ar\\\/wp-content\\\/uploads\\\/2026\\\/04\\\/BACKUPCOMPUTACION-PRESENTACION.jpg\",\"datePublished\":\"2026-04-01T15:58:22+00:00\",\"dateModified\":\"2026-04-01T16:00:15+00:00\",\"breadcrumb\":{\"@id\":\"https:\\\/\\\/backupcomputacion.com.ar\\\/index.php\\\/37-2\\\/#breadcrumb\"},\"inLanguage\":\"es\",\"potentialAction\":[{\"@type\":\"ReadAction\",\"target\":[\"https:\\\/\\\/backupcomputacion.com.ar\\\/index.php\\\/37-2\\\/\"]}]},{\"@type\":\"ImageObject\",\"inLanguage\":\"es\",\"@id\":\"https:\\\/\\\/backupcomputacion.com.ar\\\/index.php\\\/37-2\\\/#primaryimage\",\"url\":\"https:\\\/\\\/backupcomputacion.com.ar\\\/wp-content\\\/uploads\\\/2026\\\/04\\\/BACKUPCOMPUTACION-PRESENTACION.jpg\",\"contentUrl\":\"https:\\\/\\\/backupcomputacion.com.ar\\\/wp-content\\\/uploads\\\/2026\\\/04\\\/BACKUPCOMPUTACION-PRESENTACION.jpg\",\"width\":525,\"height\":698},{\"@type\":\"BreadcrumbList\",\"@id\":\"https:\\\/\\\/backupcomputacion.com.ar\\\/index.php\\\/37-2\\\/#breadcrumb\",\"itemListElement\":[{\"@type\":\"ListItem\",\"position\":1,\"name\":\"Portada\",\"item\":\"https:\\\/\\\/backupcomputacion.com.ar\\\/\"},{\"@type\":\"ListItem\",\"position\":2,\"name\":\"Presentaci\u00f3n\"}]},{\"@type\":\"WebSite\",\"@id\":\"https:\\\/\\\/backupcomputacion.com.ar\\\/#website\",\"url\":\"https:\\\/\\\/backupcomputacion.com.ar\\\/\",\"name\":\"BACKUP COMPUTACI\u00d3N VENTA Y REPARACI\u00d3N\",\"description\":\"PC - NOTEBOOK - TABLET - IMPRESORAS - SMARTPHONES Malabia 2135. C.A.B.A\",\"potentialAction\":[{\"@type\":\"SearchAction\",\"target\":{\"@type\":\"EntryPoint\",\"urlTemplate\":\"https:\\\/\\\/backupcomputacion.com.ar\\\/?s={search_term_string}\"},\"query-input\":{\"@type\":\"PropertyValueSpecification\",\"valueRequired\":true,\"valueName\":\"search_term_string\"}}],\"inLanguage\":\"es\"}]}<\/script>\n<!-- \/ Yoast SEO plugin. -->","yoast_head_json":{"title":"Presentaci\u00f3n - BACKUP COMPUTACI\u00d3N VENTA Y REPARACI\u00d3N","robots":{"index":"index","follow":"follow","max-snippet":"max-snippet:-1","max-image-preview":"max-image-preview:large","max-video-preview":"max-video-preview:-1"},"canonical":"https:\/\/backupcomputacion.com.ar\/index.php\/37-2\/","og_locale":"es_ES","og_type":"article","og_title":"Presentaci\u00f3n - BACKUP COMPUTACI\u00d3N VENTA Y REPARACI\u00d3N","og_url":"https:\/\/backupcomputacion.com.ar\/index.php\/37-2\/","og_site_name":"BACKUP COMPUTACI\u00d3N VENTA Y REPARACI\u00d3N","article_modified_time":"2026-04-01T16:00:15+00:00","og_image":[{"width":525,"height":698,"url":"https:\/\/backupcomputacion.com.ar\/wp-content\/uploads\/2026\/04\/BACKUPCOMPUTACION-PRESENTACION.jpg","type":"image\/jpeg"}],"twitter_card":"summary_large_image","twitter_misc":{"Tiempo de lectura":"1 minuto"},"schema":{"@context":"https:\/\/schema.org","@graph":[{"@type":"WebPage","@id":"https:\/\/backupcomputacion.com.ar\/index.php\/37-2\/","url":"https:\/\/backupcomputacion.com.ar\/index.php\/37-2\/","name":"Presentaci\u00f3n - BACKUP COMPUTACI\u00d3N VENTA Y REPARACI\u00d3N","isPartOf":{"@id":"https:\/\/backupcomputacion.com.ar\/#website"},"primaryImageOfPage":{"@id":"https:\/\/backupcomputacion.com.ar\/index.php\/37-2\/#primaryimage"},"image":{"@id":"https:\/\/backupcomputacion.com.ar\/index.php\/37-2\/#primaryimage"},"thumbnailUrl":"https:\/\/backupcomputacion.com.ar\/wp-content\/uploads\/2026\/04\/BACKUPCOMPUTACION-PRESENTACION.jpg","datePublished":"2026-04-01T15:58:22+00:00","dateModified":"2026-04-01T16:00:15+00:00","breadcrumb":{"@id":"https:\/\/backupcomputacion.com.ar\/index.php\/37-2\/#breadcrumb"},"inLanguage":"es","potentialAction":[{"@type":"ReadAction","target":["https:\/\/backupcomputacion.com.ar\/index.php\/37-2\/"]}]},{"@type":"ImageObject","inLanguage":"es","@id":"https:\/\/backupcomputacion.com.ar\/index.php\/37-2\/#primaryimage","url":"https:\/\/backupcomputacion.com.ar\/wp-content\/uploads\/2026\/04\/BACKUPCOMPUTACION-PRESENTACION.jpg","contentUrl":"https:\/\/backupcomputacion.com.ar\/wp-content\/uploads\/2026\/04\/BACKUPCOMPUTACION-PRESENTACION.jpg","width":525,"height":698},{"@type":"BreadcrumbList","@id":"https:\/\/backupcomputacion.com.ar\/index.php\/37-2\/#breadcrumb","itemListElement":[{"@type":"ListItem","position":1,"name":"Portada","item":"https:\/\/backupcomputacion.com.ar\/"},{"@type":"ListItem","position":2,"name":"Presentaci\u00f3n"}]},{"@type":"WebSite","@id":"https:\/\/backupcomputacion.com.ar\/#website","url":"https:\/\/backupcomputacion.com.ar\/","name":"BACKUP COMPUTACI\u00d3N VENTA Y REPARACI\u00d3N","description":"PC - NOTEBOOK - TABLET - IMPRESORAS - SMARTPHONES Malabia 2135. C.A.B.A","potentialAction":[{"@type":"SearchAction","target":{"@type":"EntryPoint","urlTemplate":"https:\/\/backupcomputacion.com.ar\/?s={search_term_string}"},"query-input":{"@type":"PropertyValueSpecification","valueRequired":true,"valueName":"search_term_string"}}],"inLanguage":"es"}]}},"_links":{"self":[{"href":"https:\/\/backupcomputacion.com.ar\/index.php\/wp-json\/wp\/v2\/pages\/37","targetHints":{"allow":["GET"]}}],"collection":[{"href":"https:\/\/backupcomputacion.com.ar\/index.php\/wp-json\/wp\/v2\/pages"}],"about":[{"href":"https:\/\/backupcomputacion.com.ar\/index.php\/wp-json\/wp\/v2\/types\/page"}],"author":[{"embeddable":true,"href":"https:\/\/backupcomputacion.com.ar\/index.php\/wp-json\/wp\/v2\/users\/1"}],"replies":[{"embeddable":true,"href":"https:\/\/backupcomputacion.com.ar\/index.php\/wp-json\/wp\/v2\/comments?post=37"}],"version-history":[{"count":2,"href":"https:\/\/backupcomputacion.com.ar\/index.php\/wp-json\/wp\/v2\/pages\/37\/revisions"}],"predecessor-version":[{"id":41,"href":"https:\/\/backupcomputacion.com.ar\/index.php\/wp-json\/wp\/v2\/pages\/37\/revisions\/41"}],"wp:attachment":[{"href":"https:\/\/backupcomputacion.com.ar\/index.php\/wp-json\/wp\/v2\/media?parent=37"}],"curies":[{"name":"wp","href":"https:\/\/api.w.org\/{rel}","templated":true}]}}